{"id":9,"date":"2025-09-25T20:53:33","date_gmt":"2025-09-25T18:53:33","guid":{"rendered":"https:\/\/www.abnehmen-keto.com\/?page_id=9"},"modified":"2026-01-12T11:49:06","modified_gmt":"2026-01-12T10:49:06","slug":"home","status":"publish","type":"page","link":"https:\/\/www.abnehmen-keto.com\/","title":{"rendered":"Herzlich willkommen! Sch\u00f6n, dass du da bist &#8211; Ich bin Eva"},"content":{"rendered":"\n<p>Ich wei\u00df genau, wie es sich anf\u00fchlt, wenn jede Di\u00e4t scheitert: st\u00e4ndiger Hunger, schlechte Laune, der Blick in den Spiegel, der einen ungl\u00fccklich macht. Mein Leben lang habe ich mit <strong>\u00dcbergewicht, gesundheitlichen Problemen und starker Akne<\/strong> gek\u00e4mpft.<br><br>Doch dann habe ich die ketogene Ern\u00e4hrung f\u00fcr mich entdeckt \u2013 und alles hat sich ver\u00e4ndert: Ich habe <strong>38 Kilo abgenommen<\/strong>, halte mein Gewicht seit Jahren, bin endlich immer satt, meine Haut ist klar und ich f\u00fchle mich rundum gesund.<\/p>\n\n\n\n<p>Genau aus diesem Grund habe ich mich als Ern\u00e4hrungsberaterin auf die <strong>ketogene Ern\u00e4hrung spezialisiert<\/strong>. <\/p>\n\n\n\n<p>Zuerst durfte ich in meinen <strong>1:1-Coachings<\/strong> viele Menschen erfolgreich auf ihrem Weg begleiten. Und jetzt habe ich all meine Erfahrung und mein Wissen in einen Kurs gepackt: &#8222;Keto Now&#8220;.<\/p>\n\n\n\n<p>Mein Ziel: Dir zu zeigen, dass Abnehmen wirklich einfach, nachhaltig und stressfrei sein kann &#8211; ohne Hunger, ohne Taschenrechner und ohne Verzicht auf Genuss.<\/p>\n\n\n\n<p><strong>Und das Beste:<\/strong> Der Kurs kam so gut an! &#8222;Keto Now&#8220; hat jetzt schon so  vielen Frauen geholfen, dass ich beschlossen habe, mein Wissen in weitere Kurse zu packen!<\/p>\n\n\n\n<p>Doch bevor ich dir meine Kurse vorstelle, habe ich hier ein paar Geschenke f\u00fcr dich! <\/p>\n\n\n\n<p>Ich habe hier E-Books f\u00fcr dich vorbereitet:<\/p>\n\n\n\n<p><\/p>\n\n\n\n<h2 class=\"wp-block-heading\"><\/h2>\n\n\n\n<div class=\"wp-block-columns is-layout-flex wp-container-core-columns-is-layout-28f84493 wp-block-columns-is-layout-flex\">\n<div class=\"wp-block-column is-layout-flow wp-block-column-is-layout-flow\" style=\"flex-basis:33.33%\">\n<figure class=\"wp-block-image size-full\"><img loading=\"lazy\" decoding=\"async\" width=\"1060\" height=\"1287\" src=\"https:\/\/www.abnehmen-keto.com\/wp-content\/uploads\/2025\/10\/HP-Elektrolyte-e1761655901142.png\" alt=\"\" class=\"wp-image-226\" srcset=\"https:\/\/www.abnehmen-keto.com\/wp-content\/uploads\/2025\/10\/HP-Elektrolyte-e1761655901142.png 1060w, https:\/\/www.abnehmen-keto.com\/wp-content\/uploads\/2025\/10\/HP-Elektrolyte-e1761655901142-247x300.png 247w, https:\/\/www.abnehmen-keto.com\/wp-content\/uploads\/2025\/10\/HP-Elektrolyte-e1761655901142-843x1024.png 843w, https:\/\/www.abnehmen-keto.com\/wp-content\/uploads\/2025\/10\/HP-Elektrolyte-e1761655901142-768x932.png 768w\" sizes=\"auto, (max-width: 1060px) 100vw, 1060px\" \/><\/figure>\n\n\n\n<div class=\"wp-block-buttons is-layout-flex wp-block-buttons-is-layout-flex\">\n<div class=\"wp-block-button\"><a class=\"wp-block-button__link has-text-align-center wp-element-button\" href=\"https:\/\/abnehmen-keto.eu-4.quentn-site.com\/public\/lp\/76\/lp\">ICH WILL KETO &amp; TRINKEN<\/a><\/div>\n<\/div>\n<\/div>\n\n\n\n<div class=\"wp-block-column is-layout-flow wp-block-column-is-layout-flow\" style=\"flex-basis:66.66%\">\n<p><strong>&#8222;Keto &amp; Trinken&#8220;<\/strong><\/p>\n\n\n\n<p>In der ketogenen Ern\u00e4hrung ist Trinken mehr als nur \u201egenug Wasser\u201c. Stoffwechsel und Mineralstoffbedarf ver\u00e4ndern sich &#8211; typische Beschwerden wie Kopfschmerzen, M\u00fcdigkeit oder Hei\u00dfhunger lassen sich mit der richtigen Fl\u00fcssigkeitsversorgung vermeiden.<\/p>\n\n\n\n<p>Hol dir jetzt dein kostenloses E-Book!<\/p>\n<\/div>\n<\/div>\n\n\n\n<div class=\"wp-block-columns is-layout-flex wp-container-core-columns-is-layout-28f84493 wp-block-columns-is-layout-flex\">\n<div class=\"wp-block-column is-layout-flow wp-block-column-is-layout-flow\" style=\"flex-basis:33.33%\">\n<figure class=\"wp-block-image size-large\"><img loading=\"lazy\" decoding=\"async\" width=\"732\" height=\"1024\" src=\"https:\/\/www.abnehmen-keto.com\/wp-content\/uploads\/2025\/10\/AAAMehletransparent-e1761310370169-732x1024.png\" alt=\"\" class=\"wp-image-215\" srcset=\"https:\/\/www.abnehmen-keto.com\/wp-content\/uploads\/2025\/10\/AAAMehletransparent-e1761310370169-732x1024.png 732w, https:\/\/www.abnehmen-keto.com\/wp-content\/uploads\/2025\/10\/AAAMehletransparent-e1761310370169-214x300.png 214w, https:\/\/www.abnehmen-keto.com\/wp-content\/uploads\/2025\/10\/AAAMehletransparent-e1761310370169-768x1075.png 768w, https:\/\/www.abnehmen-keto.com\/wp-content\/uploads\/2025\/10\/AAAMehletransparent-e1761310370169.png 967w\" sizes=\"auto, (max-width: 732px) 100vw, 732px\" \/><\/figure>\n\n\n\n<div class=\"wp-block-buttons is-layout-flex wp-block-buttons-is-layout-flex\">\n<div class=\"wp-block-button\"><a class=\"wp-block-button__link wp-element-button\" href=\"https:\/\/abnehmen-keto.eu-4.quentn-site.com\/mehlersatz4\">ICH WILL &#8222;KETO MEHLE&#8220;<\/a><\/div>\n<\/div>\n<\/div>\n\n\n\n<div class=\"wp-block-column is-layout-flow wp-block-column-is-layout-flow\" style=\"flex-basis:66.66%\">\n<p><strong>&#8222;Keto Mehle&#8220;<\/strong><\/p>\n\n\n\n<p>In der ketogenen Ern\u00e4hrung haben wir einiges an Mehlersatz im Angebot &#8211; doch welches kann ich wof\u00fcr nutzen?<\/p>\n\n\n\n<p>In diesem E-Book stelle ich dir die wichtigsten Mehle vor &#8211; und erkl\u00e4re dir gleich auch, wof\u00fcr du sie verwenden kannst! Schnapp dir das E-Book und schau gleich rein!<\/p>\n<\/div>\n<\/div>\n\n\n\n<div class=\"wp-block-columns is-layout-flex wp-container-core-columns-is-layout-28f84493 wp-block-columns-is-layout-flex\">\n<div class=\"wp-block-column is-layout-flow wp-block-column-is-layout-flow\" style=\"flex-basis:33.33%\">\n<hr class=\"wp-block-separator has-alpha-channel-opacity\"\/>\n\n\n\n<figure class=\"wp-block-image size-large\"><img loading=\"lazy\" decoding=\"async\" width=\"775\" height=\"1024\" src=\"https:\/\/www.abnehmen-keto.com\/wp-content\/uploads\/2025\/10\/AAAKOMPASStransparent-e1761310484336-775x1024.png\" alt=\"\" class=\"wp-image-216\" srcset=\"https:\/\/www.abnehmen-keto.com\/wp-content\/uploads\/2025\/10\/AAAKOMPASStransparent-e1761310484336-775x1024.png 775w, https:\/\/www.abnehmen-keto.com\/wp-content\/uploads\/2025\/10\/AAAKOMPASStransparent-e1761310484336-227x300.png 227w, https:\/\/www.abnehmen-keto.com\/wp-content\/uploads\/2025\/10\/AAAKOMPASStransparent-e1761310484336-768x1015.png 768w, https:\/\/www.abnehmen-keto.com\/wp-content\/uploads\/2025\/10\/AAAKOMPASStransparent-e1761310484336.png 913w\" sizes=\"auto, (max-width: 775px) 100vw, 775px\" \/><\/figure>\n\n\n\n<div class=\"wp-block-buttons is-layout-flex wp-block-buttons-is-layout-flex\">\n<div class=\"wp-block-button\"><a class=\"wp-block-button__link wp-element-button\" href=\"https:\/\/abnehmen-keto.eu-4.quentn-site.com\/kompass\">ICH WILL DEN INFO GUIDE<\/a><\/div>\n<\/div>\n<\/div>\n\n\n\n<div class=\"wp-block-column is-layout-flow wp-block-column-is-layout-flow\" style=\"flex-basis:66.66%\">\n<p><strong>&#8222;Dein Einstiegs-Kompass&#8220;<\/strong><\/p>\n\n\n\n<p>Der Einstiegs-Kompass ist ein kleiner Guide, der einige Fragen der ketogenen Ern\u00e4hrung beantwortet und zudem noch interessante Infos und Tipps parat hat!<\/p>\n\n\n\n<p>Hol dir das Gratis E-Book und schau gleich nach, was du interessantes darin finden kannst! <\/p>\n<\/div>\n<\/div>\n\n\n\n<figure class=\"wp-block-image size-large\"><img loading=\"lazy\" decoding=\"async\" width=\"1024\" height=\"512\" src=\"https:\/\/www.abnehmen-keto.com\/wp-content\/uploads\/2025\/10\/Banner_Mockup_alle-1-1024x512.png\" alt=\"\" class=\"wp-image-210\" srcset=\"https:\/\/www.abnehmen-keto.com\/wp-content\/uploads\/2025\/10\/Banner_Mockup_alle-1-1024x512.png 1024w, https:\/\/www.abnehmen-keto.com\/wp-content\/uploads\/2025\/10\/Banner_Mockup_alle-1-300x150.png 300w, https:\/\/www.abnehmen-keto.com\/wp-content\/uploads\/2025\/10\/Banner_Mockup_alle-1-768x384.png 768w, https:\/\/www.abnehmen-keto.com\/wp-content\/uploads\/2025\/10\/Banner_Mockup_alle-1-1536x768.png 1536w, https:\/\/www.abnehmen-keto.com\/wp-content\/uploads\/2025\/10\/Banner_Mockup_alle-1-2048x1024.png 2048w\" sizes=\"auto, (max-width: 1024px) 100vw, 1024px\" \/><\/figure>\n\n\n\n<div class=\"wp-block-group alignfull has-global-padding is-layout-constrained wp-block-group-is-layout-constrained\" style=\"margin-top:0;margin-bottom:0;padding-top:var(--wp--preset--spacing--50);padding-bottom:var(--wp--preset--spacing--50)\">\n<div class=\"wp-block-columns alignwide is-layout-flex wp-container-core-columns-is-layout-47c06fe3 wp-block-columns-is-layout-flex\">\n<div class=\"wp-block-column is-style-section-1 is-layout-flow wp-block-column-is-layout-flow is-style-section-1--1\" style=\"flex-basis:56%\"><\/div>\n<\/div>\n\n\n\n<figure class=\"wp-block-image size-large\"><img decoding=\"async\" src=\"https:\/\/www.abnehmen-keto.com\/wp-content\/uploads\/2025\/09\/keto-now-neu-e1760613782328-988x1024.png\" alt=\"\" class=\"wp-image-73\"\/><\/figure>\n\n\n\n<div class=\"wp-block-buttons is-layout-flex wp-block-buttons-is-layout-flex\">\n<div class=\"wp-block-button\"><a class=\"wp-block-button__link wp-element-button\" href=\"https:\/\/www.abnehmen-keto.com\/?page_id=174\">ICH WILL WEITERE INFOS<\/a><\/div>\n<\/div>\n<\/div>\n\n\n\n<p><strong>Keine Lust auf Hunger &amp; Kalorienz\u00e4hlen?<\/strong> <strong>KETO NOW &#8211; unkompliziert, ohne Stress und Taschenrechner<\/strong><\/p>\n\n\n\n<p>Mit <strong>Keto Now<\/strong> bekommst du einen klaren, unkomplizierten Einstieg in die ketogene Ern\u00e4hrung. Kein Stress, keine komplizierten Apps, keine Taschenrechner &#8211; sondern ein Kurs, der dich Schritt f\u00fcr Schritt begleitet und dir zeigt, wie Keto in deinem Alltag funktioniert.<\/p>\n\n\n\n<p>Besonders wertvoll: Dein <strong>Workbook<\/strong>. Es ist kein blo\u00dfes Skript, sondern ein aktiver Begleiter, der dich motiviert, deine Fortschritte sichtbar macht und perfekt mit dem Kurs zusammenspielt. Gemeinsam bilden Kurs und Workbook dein pers\u00f6nliches Erfolgs-Team.<\/p>\n\n\n\n<p>\ud83d\udc49 Starte noch heute und entdecke, wie einfach und unkompliziert Keto sein kann!<\/p>\n\n\n\n<div class=\"wp-block-group alignfull has-global-padding is-layout-constrained wp-block-group-is-layout-constrained\" style=\"margin-top:0;margin-bottom:0;padding-top:var(--wp--preset--spacing--50);padding-bottom:var(--wp--preset--spacing--50)\">\n<p><strong>Format:<\/strong> Onlinekurs, Workbook &amp; lebenslanger Zugriff<\/p>\n\n\n\n<p>\ud83d\udc9a Bist du bereit? Dann klicke auf den schwarzen Button!<\/p>\n\n\n\n<div class=\"wp-block-buttons is-layout-flex wp-block-buttons-is-layout-flex\">\n<div class=\"wp-block-button\"><a class=\"wp-block-button__link wp-element-button\" href=\"https:\/\/myablefy.com\/s\/abnehmen-keto\/keto-now\/payment\">ICH WILL DEN KURS<\/a><\/div>\n<\/div>\n<\/div>\n\n\n\n<figure class=\"wp-block-image size-large\"><img loading=\"lazy\" decoding=\"async\" width=\"1024\" height=\"512\" src=\"https:\/\/www.abnehmen-keto.com\/wp-content\/uploads\/2025\/10\/Banner_Mockup_alle-1-1024x512.png\" alt=\"\" class=\"wp-image-210\" srcset=\"https:\/\/www.abnehmen-keto.com\/wp-content\/uploads\/2025\/10\/Banner_Mockup_alle-1-1024x512.png 1024w, https:\/\/www.abnehmen-keto.com\/wp-content\/uploads\/2025\/10\/Banner_Mockup_alle-1-300x150.png 300w, https:\/\/www.abnehmen-keto.com\/wp-content\/uploads\/2025\/10\/Banner_Mockup_alle-1-768x384.png 768w, https:\/\/www.abnehmen-keto.com\/wp-content\/uploads\/2025\/10\/Banner_Mockup_alle-1-1536x768.png 1536w, https:\/\/www.abnehmen-keto.com\/wp-content\/uploads\/2025\/10\/Banner_Mockup_alle-1-2048x1024.png 2048w\" sizes=\"auto, (max-width: 1024px) 100vw, 1024px\" \/><\/figure>\n\n\n\n<figure class=\"wp-block-image size-large\"><img decoding=\"async\" src=\"https:\/\/www.abnehmen-keto.com\/wp-content\/uploads\/2025\/10\/KetoundHormoneWebsiteLandingpage-e1760815240525-1024x966.png\" alt=\"\" class=\"wp-image-155\"\/><\/figure>\n\n\n\n<div class=\"wp-block-buttons is-layout-flex wp-block-buttons-is-layout-flex\">\n<div class=\"wp-block-button\"><a class=\"wp-block-button__link wp-element-button\" href=\"https:\/\/www.abnehmen-keto.com\/?page_id=157\">ICH WILL WEITERE INFOS<\/a><\/div>\n<\/div>\n\n\n\n<p><strong>Keto &amp; Hormone &#8211; Dein Neustart in den Wechseljahren<\/strong><\/p>\n\n\n\n<p>In den Wechseljahren ver\u00e4ndert sich dein K\u00f6rper &#8211; aber du kannst aktiv mitgestalten, <em>wie<\/em> du dich dabei f\u00fchlst.<br>Dieser Kurs zeigt dir, wie du mit der <strong>ketogenen Ern\u00e4hrung<\/strong>, gezielter Bewegung und einem hormonfreundlichen Lebensstil wieder in deine Balance findest.<\/p>\n\n\n\n<p><strong>Dein Ergebnis<\/strong><\/p>\n\n\n\n<p>Nach dem Kurs verstehst du, was in deinem K\u00f6rper passiert &#8211;<br>und wie du Ern\u00e4hrung, Bewegung und Lebensstil an deine hormonelle Situation anpasst.<\/p>\n\n\n\n<p><br><strong>Format:<\/strong> Onlinekurs, Workbook &amp; lebenslanger Zugriff<\/p>\n\n\n\n<p>\ud83d\udc49 <strong>Starte jetzt deinen Neustart &#8211; f\u00fcr mehr Energie, Balance &amp; Leichtigkeit.<\/strong><\/p>\n\n\n\n<div class=\"wp-block-buttons is-layout-flex wp-block-buttons-is-layout-flex\">\n<div class=\"wp-block-button\"><a class=\"wp-block-button__link wp-element-button\" href=\"https:\/\/myablefy.com\/s\/abnehmen-keto\/keto-hormone-dein-neustart-in-den-wechseljahren-114cbdb4\/payment\">ICH WILL DEN KURS<\/a><\/div>\n<\/div>\n\n\n\n<div class=\"wp-block-group alignfull has-global-padding is-layout-constrained wp-block-group-is-layout-constrained\" style=\"margin-top:0;margin-bottom:0;padding-top:var(--wp--preset--spacing--50);padding-bottom:var(--wp--preset--spacing--50)\">\n<div class=\"wp-block-group is-vertical is-layout-flex wp-container-core-group-is-layout-d6b9ab57 wp-block-group-is-layout-flex\">\n<h2 class=\"wp-block-heading has-text-align-left has-x-large-font-size\"><\/h2>\n\n\n\n<figure class=\"wp-block-image size-large\"><img loading=\"lazy\" decoding=\"async\" width=\"1024\" height=\"512\" src=\"https:\/\/www.abnehmen-keto.com\/wp-content\/uploads\/2025\/10\/Banner_Mockup_alle-1-1024x512.png\" alt=\"\" class=\"wp-image-210\" srcset=\"https:\/\/www.abnehmen-keto.com\/wp-content\/uploads\/2025\/10\/Banner_Mockup_alle-1-1024x512.png 1024w, https:\/\/www.abnehmen-keto.com\/wp-content\/uploads\/2025\/10\/Banner_Mockup_alle-1-300x150.png 300w, https:\/\/www.abnehmen-keto.com\/wp-content\/uploads\/2025\/10\/Banner_Mockup_alle-1-768x384.png 768w, https:\/\/www.abnehmen-keto.com\/wp-content\/uploads\/2025\/10\/Banner_Mockup_alle-1-1536x768.png 1536w, https:\/\/www.abnehmen-keto.com\/wp-content\/uploads\/2025\/10\/Banner_Mockup_alle-1-2048x1024.png 2048w\" sizes=\"auto, (max-width: 1024px) 100vw, 1024px\" \/><\/figure>\n\n\n\n<figure class=\"wp-block-image size-full is-resized\"><img decoding=\"async\" src=\"https:\/\/www.abnehmen-keto.com\/wp-content\/uploads\/2025\/10\/NEU-Stress-transparent.png\" alt=\"\" class=\"wp-image-222\" style=\"width:645px;height:auto\"\/><\/figure>\n\n\n\n<h1 class=\"wp-block-heading\">Stress Management<\/h1>\n\n\n\n<div class=\"wp-block-buttons is-layout-flex wp-block-buttons-is-layout-flex\">\n<div class=\"wp-block-button\"><a class=\"wp-block-button__link wp-element-button\" href=\"https:\/\/www.abnehmen-keto.com\/?page_id=231\">MEHR INFOS<\/a><\/div>\n<\/div>\n\n\n\n<p><strong>Stress verstehen &amp; loslassen! Mini-Kurs f\u00fcr mehr Balance, Fokus &amp; ketogene Leichtigkeit<\/strong><\/p>\n\n\n\n<p>Dauerstress, schwankender Blutzucker, schlechter Schlaf, Hei\u00dfhunger und stagnierende Ergebnisse &#8211; wenn du das kennst, bist du nicht allein. Stress ist einer der gr\u00f6\u00dften <em>unsichtbaren<\/em> Blockierer f\u00fcr Gesundheit, Hormonbalance, Fettverbrennung und ketogene Erfolge. Genau hier setzt dieser Mini-Kurs an.<\/p>\n\n\n\n<p><strong>Format:<\/strong> Onlinekurs, Workbook &amp; lebenslanger Zugriff<\/p>\n\n\n\n<p>Starte jetzt &#8211; dein K\u00f6rper wird dir danken.<\/p>\n\n\n\n<div class=\"wp-block-buttons is-layout-flex wp-block-buttons-is-layout-flex\">\n<div class=\"wp-block-button\"><a class=\"wp-block-button__link wp-element-button\" href=\"https:\/\/myablefy.com\/s\/abnehmen-keto\/stress-management-5ff3eda8\/payment\">ICH WILL DEN KURS<\/a><\/div>\n<\/div>\n\n\n<!-- ProvenExpert ProSeal Widget -->\n    <noscript>\n        <a href=\"https:\/\/www.provenexpert.com\/de-de\/modern-keto\" target=\"_blank\" title=\"Kundenbewertungen &amp; Erfahrungen zu Modern Keto.\"\n           class=\"pe-pro-seal-more-infos\" rel=\"nofollow\">\n            Mehr Infos\n        <\/a>\n    <\/noscript>\n    <script nowprocket id=\"proSeal\">\n        window.loadProSeal = function() {\n            window.provenExpert.proSeal({\n                widgetId: \"8252eef9-c5e7-4bdb-b01f-fc809d1f10b7\",\n                language: \"de-de\",\n                usePageLanguage: false,\n                bannerColor: \"#000000\",\n                textColor: \"#ffffff\",\n                showReviews: true,\n                hideDate: false,\n                hideName: false,\n                hideOnMobile: false,\n                bottom: \"130px\",\n                stickyToSide: \"right\",\n                googleStars: false,\n                zIndex: \"9999\",\n                displayReviewerLastName: false\n            });\n        };\n    <\/script>\n    <script nowprocket src=\"https:\/\/s.provenexpert.net\/seals\/proseal-v2.js\" async=\"true\" onload='loadProSeal()'><\/script>\n    <!-- ProvenExpert ProSeal Widget -->\n\n\n\n<h2 class=\"wp-block-heading\"><\/h2>\n\n\n\n<p><\/p>\n<\/div>\n\n\n\n<p><\/p>\n<\/div>\n\n\n\n<div class=\"wp-block-columns is-layout-flex wp-container-core-columns-is-layout-28f84493 wp-block-columns-is-layout-flex\">\n<div class=\"wp-block-column is-layout-flow wp-block-column-is-layout-flow\" style=\"flex-basis:33.33%\">\n<figure class=\"wp-block-image size-full\"><img loading=\"lazy\" decoding=\"async\" width=\"358\" height=\"576\" src=\"https:\/\/www.abnehmen-keto.com\/wp-content\/uploads\/2025\/10\/ReferenzPunkte.png\" alt=\"\" class=\"wp-image-192\" srcset=\"https:\/\/www.abnehmen-keto.com\/wp-content\/uploads\/2025\/10\/ReferenzPunkte.png 358w, https:\/\/www.abnehmen-keto.com\/wp-content\/uploads\/2025\/10\/ReferenzPunkte-186x300.png 186w\" sizes=\"auto, (max-width: 358px) 100vw, 358px\" \/><\/figure>\n<\/div>\n\n\n\n<div class=\"wp-block-column is-layout-flow wp-block-column-is-layout-flow\" style=\"flex-basis:66.66%\">\n<p>Ich bin aktives Mitglied der <strong>International Association of Therapists (IAOTH)<\/strong>. Meine Qualifikationen und der von mir vermittelte Lernstoff werden dort regelm\u00e4\u00dfig gepr\u00fcft. Zus\u00e4tzlich best\u00e4tigten <strong>96 anerkannte CPD-Punkte<\/strong> meine kontinuierliche, hochwertige Weiterbildung &#8211; ein Zeichen f\u00fcr professionelle Expertise und h\u00f6chste Qualit\u00e4tsstandards.<\/p>\n<\/div>\n<\/div>\n\n\n\n<p><\/p>\n","protected":false},"excerpt":{"rendered":"<p>Ich wei\u00df genau, wie es sich anf\u00fchlt, wenn jede Di\u00e4t scheitert: st\u00e4ndiger Hunger, schlechte Laune, der Blick in den Spiegel, der einen ungl\u00fccklich macht. Mein Leben lang habe ich mit \u00dcbergewicht, gesundheitlichen Problemen und starker Akne gek\u00e4mpft. Doch dann habe ich die ketogene Ern\u00e4hrung f\u00fcr mich entdeckt \u2013 und alles hat sich ver\u00e4ndert: Ich habe [&hellip;]<\/p>\n","protected":false},"author":1,"featured_media":0,"parent":0,"menu_order":1,"comment_status":"closed","ping_status":"closed","template":"","meta":{"footnotes":""},"class_list":["post-9","page","type-page","status-publish","hentry"],"_links":{"self":[{"href":"https:\/\/www.abnehmen-keto.com\/index.php?rest_route=\/wp\/v2\/pages\/9","targetHints":{"allow":["GET"]}}],"collection":[{"href":"https:\/\/www.abnehmen-keto.com\/index.php?rest_route=\/wp\/v2\/pages"}],"about":[{"href":"https:\/\/www.abnehmen-keto.com\/index.php?rest_route=\/wp\/v2\/types\/page"}],"author":[{"embeddable":true,"href":"https:\/\/www.abnehmen-keto.com\/index.php?rest_route=\/wp\/v2\/users\/1"}],"replies":[{"embeddable":true,"href":"https:\/\/www.abnehmen-keto.com\/index.php?rest_route=%2Fwp%2Fv2%2Fcomments&post=9"}],"version-history":[{"count":10,"href":"https:\/\/www.abnehmen-keto.com\/index.php?rest_route=\/wp\/v2\/pages\/9\/revisions"}],"predecessor-version":[{"id":271,"href":"https:\/\/www.abnehmen-keto.com\/index.php?rest_route=\/wp\/v2\/pages\/9\/revisions\/271"}],"wp:attachment":[{"href":"https:\/\/www.abnehmen-keto.com\/index.php?rest_route=%2Fwp%2Fv2%2Fmedia&parent=9"}],"curies":[{"name":"wp","href":"https:\/\/api.w.org\/{rel}","templated":true}]}}