{"id":231,"date":"2025-10-28T14:05:53","date_gmt":"2025-10-28T13:05:53","guid":{"rendered":"https:\/\/www.abnehmen-keto.com\/?page_id=231"},"modified":"2025-10-28T14:05:53","modified_gmt":"2025-10-28T13:05:53","slug":"stress-management","status":"publish","type":"page","link":"https:\/\/www.abnehmen-keto.com\/?page_id=231","title":{"rendered":"Stress Management"},"content":{"rendered":"\n<figure class=\"wp-block-image size-full\"><img decoding=\"async\" src=\"https:\/\/www.abnehmen-keto.com\/wp-content\/uploads\/2025\/10\/NEU-Stress-transparent.png\" alt=\"\" class=\"wp-image-222\"\/><\/figure>\n\n\n\n<p>Dauerstress, schwankender Blutzucker, schlechter Schlaf, Hei\u00dfhunger und stagnierende Ergebnisse &#8211; wenn du das kennst, bist du nicht allein. Stress ist einer der gr\u00f6\u00dften <em>unsichtbaren<\/em> Blockierer f\u00fcr Gesundheit, Hormonbalance, Fettverbrennung und ketogene Erfolge. Genau hier setzt dieser Mini-Kurs an.<\/p>\n\n\n\n<p>In \u201eStress verstehen &amp; loslassen\u201c lernst du, wie Stress in deinem K\u00f6rper wirklich funktioniert, warum er dich aus der Ketose werfen kann &#8211; und vor allem, wie du ihn aktiv regulierst. Kein theoretischer Vortrag, sondern ein praxisnaher, motivierender Kurs, der dich Schritt f\u00fcr Schritt zur\u00fcck in deine innere Stabilit\u00e4t f\u00fchrt.<\/p>\n\n\n\n<div class=\"wp-block-buttons is-layout-flex wp-block-buttons-is-layout-flex\">\n<div class=\"wp-block-button\"><a class=\"wp-block-button__link wp-element-button\" href=\"https:\/\/myablefy.com\/s\/abnehmen-keto\/stress-management-5ff3eda8\/payment\">ICH WILL DEN KURS<\/a><\/div>\n<\/div>\n\n\n\n<p>Du bekommst Techniken, die sofort wirken, Lifestyle-Strategien, die alltagstauglich sind, und einen individuellen Stressmanagement-Plan, der zu deinem Leben passt. Unterst\u00fctzt wirst du zus\u00e4tzlich durch ein begleitendes Workbook, das du dir zu Beginn herunterladen kannst. Es vertieft deine Reflexion und bringt dich ins Tun \u2013 einfach, klar und effizient.<\/p>\n\n\n\n<p><strong>Dieser Kurs ist ideal f\u00fcr dich, wenn du\u2026<\/strong><\/p>\n\n\n\n<ul class=\"wp-block-list\">\n<li>dich h\u00e4ufig gestresst, gereizt oder ersch\u00f6pft f\u00fchlst<\/li>\n\n\n\n<li>trotz Keto keine Fortschritte siehst oder instabil in der Ketose bleibst<\/li>\n\n\n\n<li>mental schwer abschalten kannst<\/li>\n\n\n\n<li>dich st\u00e4ndig \u201eunter Strom\u201c f\u00fchlst<\/li>\n\n\n\n<li>endlich verstehen willst, was dein K\u00f6rper signalisiert<\/li>\n<\/ul>\n\n\n\n<p><strong>Das erwartet dich:<\/strong><\/p>\n\n\n\n<ul class=\"wp-block-list\">\n<li>leicht verst\u00e4ndliche Erkl\u00e4rungen zu Stress &amp; Nervensystem<\/li>\n\n\n\n<li>Atem- und Entspannungstechniken mit Sofort-Effekt<\/li>\n\n\n\n<li>alltagstaugliche Mindset-Tools gegen Gr\u00fcbeln &amp; \u00dcberforderung<\/li>\n\n\n\n<li>Schlaf-, Bewegungs- &amp; Ern\u00e4hrungsimpulse f\u00fcr stabile Energie<\/li>\n\n\n\n<li>dein pers\u00f6nlicher Stress-Reset-Plan f\u00fcr langfristige Balance<\/li>\n\n\n\n<li>begleitendes Workbook zum Download<\/li>\n<\/ul>\n\n\n\n<p><strong>Ergebnis:<\/strong><br>Du f\u00fchlst dich ausgeglichener, schl\u00e4fst besser, kannst klarer denken und unterst\u00fctzt deinen K\u00f6rper wieder dabei, in die ketogene Balance zu finden. Du lernst, dein Nervensystem zu steuern \u2013 statt dich von Stress steuern zu lassen.<\/p>\n\n\n\n<p><strong>Weniger Stress.<br>Mehr Energie.<br>Mehr du.<\/strong><\/p>\n\n\n\n<p><strong>Format:<\/strong> Onlinekurs, Workbook &amp; lebenslanger Zug<\/p>\n\n\n\n<div class=\"wp-block-buttons is-layout-flex wp-block-buttons-is-layout-flex\">\n<div class=\"wp-block-button\"><a class=\"wp-block-button__link wp-element-button\" href=\"https:\/\/myablefy.com\/s\/abnehmen-keto\/stress-management-5ff3eda8\/payment\">ZUM KURS<\/a><\/div>\n<\/div>\n","protected":false},"excerpt":{"rendered":"<p>Dauerstress, schwankender Blutzucker, schlechter Schlaf, Hei\u00dfhunger und stagnierende Ergebnisse &#8211; wenn du das kennst, bist du nicht allein. Stress ist einer der gr\u00f6\u00dften unsichtbaren Blockierer f\u00fcr Gesundheit, Hormonbalance, Fettverbrennung und ketogene Erfolge. Genau hier setzt dieser Mini-Kurs an. In \u201eStress verstehen &amp; loslassen\u201c lernst du, wie Stress in deinem K\u00f6rper wirklich funktioniert, warum er dich [&hellip;]<\/p>\n","protected":false},"author":1,"featured_media":0,"parent":0,"menu_order":0,"comment_status":"closed","ping_status":"closed","template":"","meta":{"footnotes":""},"class_list":["post-231","page","type-page","status-publish","hentry"],"_links":{"self":[{"href":"https:\/\/www.abnehmen-keto.com\/index.php?rest_route=\/wp\/v2\/pages\/231","targetHints":{"allow":["GET"]}}],"collection":[{"href":"https:\/\/www.abnehmen-keto.com\/index.php?rest_route=\/wp\/v2\/pages"}],"about":[{"href":"https:\/\/www.abnehmen-keto.com\/index.php?rest_route=\/wp\/v2\/types\/page"}],"author":[{"embeddable":true,"href":"https:\/\/www.abnehmen-keto.com\/index.php?rest_route=\/wp\/v2\/users\/1"}],"replies":[{"embeddable":true,"href":"https:\/\/www.abnehmen-keto.com\/index.php?rest_route=%2Fwp%2Fv2%2Fcomments&post=231"}],"version-history":[{"count":1,"href":"https:\/\/www.abnehmen-keto.com\/index.php?rest_route=\/wp\/v2\/pages\/231\/revisions"}],"predecessor-version":[{"id":232,"href":"https:\/\/www.abnehmen-keto.com\/index.php?rest_route=\/wp\/v2\/pages\/231\/revisions\/232"}],"wp:attachment":[{"href":"https:\/\/www.abnehmen-keto.com\/index.php?rest_route=%2Fwp%2Fv2%2Fmedia&parent=231"}],"curies":[{"name":"wp","href":"https:\/\/api.w.org\/{rel}","templated":true}]}}